{"id":118,"date":"2025-02-16T14:40:42","date_gmt":"2025-02-16T14:40:42","guid":{"rendered":"https:\/\/turiscars.com.ar\/?page_id=118"},"modified":"2025-03-25T17:32:46","modified_gmt":"2025-03-25T17:32:46","slug":"paseo-por-el-tigre","status":"publish","type":"page","link":"https:\/\/turiscars.com.ar\/pt\/paseo-por-el-tigre\/","title":{"rendered":"Tigre"},"content":{"rendered":"[et_pb_section fb_built=\u00bb1&#8243; disabled_on=\u00bboff|off|on\u00bb admin_label=\u00bbAbout\u00bb _builder_version=\u00bb4.27.4&#8243; _module_preset=\u00bbdefault\u00bb background_image=\u00bbhttps:\/\/turiscars.com.ar\/wp-content\/uploads\/2025\/02\/WhatsApp-Image-2025-02-17-at-15.56.45.jpeg\u00bb background_size=\u00bbcontain\u00bb custom_padding=\u00bb||186px|||\u00bb hover_enabled=\u00bb0&#8243; locked=\u00bboff\u00bb collapsed=\u00bbon\u00bb global_colors_info=\u00bb{}\u00bb sticky_enabled=\u00bb0&#8243;][et_pb_row _builder_version=\u00bb4.27.4&#8243; _module_preset=\u00bbdefault\u00bb custom_margin=\u00bb-131px|auto|39px|auto||\u00bb global_colors_info=\u00bb{}\u00bb custom_padding=\u00bb||21px|||\u00bb][et_pb_column type=\u00bb4_4&#8243; _builder_version=\u00bb4.27.4&#8243; _module_preset=\u00bbdefault\u00bb global_colors_info=\u00bb{}\u00bb][et_pb_text disabled_on=\u00bboff|off|on\u00bb _builder_version=\u00bb4.27.4&#8243; _module_preset=\u00bbdefault\u00bb header_font=\u00bb|700|||||||\u00bb header_text_align=\u00bbcenter\u00bb header_text_color=\u00bb#FFFFFF\u00bb header_font_size=\u00bb62px\u00bb width=\u00bb78%\u00bb global_colors_info=\u00bb{}\u00bb custom_padding=\u00bb||36px|||\u00bb]<h1>P<\/h1>\n<h1><\/h1>\n<h1>Paseo por El Tigre<\/h1>[\/et_pb_text][\/et_pb_column][\/et_pb_row][\/et_pb_section][et_pb_section fb_built=\u00bb1&#8243; disabled_on=\u00bbon|on|off\u00bb admin_label=\u00bbAbout\u00bb _builder_version=\u00bb4.27.4&#8243; _module_preset=\u00bbdefault\u00bb background_image=\u00bbhttps:\/\/turiscars.com.ar\/wp-content\/uploads\/2025\/02\/WhatsApp-Image-2025-02-17-at-15.56.45.jpeg\u00bb custom_padding=\u00bb||492px|||\u00bb locked=\u00bboff\u00bb collapsed=\u00bbon\u00bb global_colors_info=\u00bb{}\u00bb custom_margin=\u00bb99px|||||\u00bb][et_pb_row _builder_version=\u00bb4.27.4&#8243; _module_preset=\u00bbdefault\u00bb custom_margin=\u00bb152px|auto||auto||\u00bb global_colors_info=\u00bb{}\u00bb][et_pb_column type=\u00bb4_4&#8243; _builder_version=\u00bb4.27.4&#8243; _module_preset=\u00bbdefault\u00bb global_colors_info=\u00bb{}\u00bb][et_pb_text disabled_on=\u00bbon|on|off\u00bb _builder_version=\u00bb4.27.4&#8243; _module_preset=\u00bbdefault\u00bb header_font=\u00bb|700|||||||\u00bb header_text_align=\u00bbcenter\u00bb header_text_color=\u00bb#FFFFFF\u00bb header_font_size=\u00bb91px\u00bb global_colors_info=\u00bb{}\u00bb]<h1>Paseo por El Tigre<\/h1>[\/et_pb_text][\/et_pb_column][\/et_pb_row][\/et_pb_section][et_pb_section fb_built=\u00bb1&#8243; admin_label=\u00bbWhy Us\u00bb _builder_version=\u00bb4.22.0&#8243; _module_preset=\u00bbdefault\u00bb locked=\u00bboff\u00bb collapsed=\u00bbon\u00bb global_colors_info=\u00bb{}\u00bb][et_pb_row _builder_version=\u00bb4.22.0&#8243; _module_preset=\u00bbdefault\u00bb custom_margin=\u00bb-39px|auto||auto||\u00bb global_colors_info=\u00bb{}\u00bb][et_pb_column type=\u00bb4_4&#8243; _builder_version=\u00bb4.22.0&#8243; _module_preset=\u00bbdefault\u00bb global_colors_info=\u00bb{}\u00bb][et_pb_text _builder_version=\u00bb4.27.4&#8243; _module_preset=\u00bb9ce761ac-2d5b-44d8-be68-5083c7ff56ba\u00bb custom_margin=\u00bb||10px||false|false\u00bb global_colors_info=\u00bb{}\u00bb]<h2>Excursi\u00f3n a Tigre y el Delta<\/h2>[\/et_pb_text][et_pb_text _builder_version=\u00bb4.27.4&#8243; _module_preset=\u00bbbd74a982-9413-4fe4-a2e5-10e75ff23dec\u00bb hover_enabled=\u00bb0&#8243; global_colors_info=\u00bb{}\u00bb sticky_enabled=\u00bb0&#8243;]<p data-start=\"229\" data-end=\"489\">Al llegar a la Ciudad de Tigre, se realizar\u00e1 un paseo en catamar\u00e1n de aproximadamente una hora, navegando por los r\u00edos internos del Delta y descubriendo la vida cotidiana en las islas.<\/p>\n<p data-start=\"491\" data-end=\"644\">Para finalizar, habr\u00e1 tiempo libre para recorrer y disfrutar el Puerto de Frutos, un mercado con una amplia variedad de productos nacionales.<\/p>[\/et_pb_text][et_pb_text _builder_version=\u00bb4.27.4&#8243; _module_preset=\u00bbbd74a982-9413-4fe4-a2e5-10e75ff23dec\u00bb hover_enabled=\u00bb0&#8243; global_colors_info=\u00bb{}\u00bb sticky_enabled=\u00bb0&#8243;]<h3 data-start=\"651\" data-end=\"684\"><strong data-start=\"655\" data-end=\"682\">Detalhes do passeio:<\/strong><\/h3>\n<ul data-start=\"685\" data-end=\"797\">\n<li data-start=\"685\" data-end=\"712\"><strong data-start=\"687\" data-end=\"702\">Transporte:<\/strong> Privado<\/li>\n<li data-start=\"713\" data-end=\"771\"><strong data-start=\"715\" data-end=\"728\">Horarios:<\/strong> A elecci\u00f3n, entre las 9:00 y las 10:30 hs (Y o a convenir)<\/li>\n<li data-start=\"772\" data-end=\"797\"><strong data-start=\"774\" data-end=\"787\">Duraci\u00f3n:<\/strong> 5\/6 horas<\/li>\n<\/ul>\n<h3 data-start=\"1190\" data-end=\"1220\"><strong data-start=\"1194\" data-end=\"1218\">Itinerario:<\/strong><\/h3>\n<ul data-start=\"1221\" data-end=\"1378\">\n<li data-start=\"1221\" data-end=\"1251\">Hotel<\/li>\n<li data-start=\"1330\" data-end=\"1357\">Navegaci\u00f3n por el Delta<\/li>\n<li data-start=\"1358\" data-end=\"1378\">Puerto de Frutos<\/li>\n<li data-start=\"1358\" data-end=\"1378\">Retorno al Hotel<\/li>\n<\/ul>\n<p>El servicio incluye: Tickets en barcos, peajes, parking, espera<\/p>\n<hr data-start=\"1380\" data-end=\"1383\" \/>\n<h3 data-start=\"1385\" data-end=\"1417\"><strong data-start=\"1389\" data-end=\"1415\">Informa\u00e7\u00f5es adicionais:<\/strong><\/h3>\n<ul data-start=\"1418\" data-end=\"1587\">\n<li data-start=\"1418\" data-end=\"1464\">Confirma\u00e7\u00e3o imediata ap\u00f3s a reserva<\/li>\n<li data-start=\"1465\" data-end=\"1546\">Cadeiras de rodas dobr\u00e1veis \u200b\u200bpodem ser acomodadas com assist\u00eancia mediante solicita\u00e7\u00e3o<\/li>\n<li data-start=\"1547\" data-end=\"1587\">Tour privado exclusivamente para seu grupo<\/li>\n<\/ul>[\/et_pb_text][\/et_pb_column][\/et_pb_row][\/et_pb_section]","protected":false},"excerpt":{"rendered":"<p>P Paseo por El TigrePaseo por El TigreExcursi\u00f3n a Tigre y el DeltaAl llegar a la Ciudad de Tigre, se realizar\u00e1 un paseo en catamar\u00e1n de aproximadamente una hora, navegando por los r\u00edos internos del Delta y descubriendo la vida cotidiana en las islas. Para finalizar, habr\u00e1 tiempo libre para recorrer y disfrutar el Puerto [&hellip;]<\/p>","protected":false},"author":3,"featured_media":0,"parent":0,"menu_order":0,"comment_status":"closed","ping_status":"closed","template":"","meta":{"_et_pb_use_builder":"on","_et_pb_old_content":"","_et_gb_content_width":"","_joinchat":[],"footnotes":""},"class_list":["post-118","page","type-page","status-publish","hentry"],"yoast_head":"<!-- This site is optimized with the Yoast SEO plugin v24.6 - https:\/\/yoast.com\/wordpress\/plugins\/seo\/ -->\n<title>Tigre - Turis Cars<\/title>\n<meta name=\"robots\" content=\"index, follow, max-snippet:-1, max-image-preview:large, max-video-preview:-1\" \/>\n<link rel=\"canonical\" href=\"https:\/\/turiscars.com.ar\/pt\/paseo-por-el-tigre\/\" \/>\n<meta property=\"og:locale\" content=\"pt_BR\" \/>\n<meta property=\"og:type\" content=\"article\" \/>\n<meta property=\"og:title\" content=\"Tigre - Turis Cars\" \/>\n<meta property=\"og:description\" content=\"P Paseo por El TigrePaseo por El TigreExcursi\u00f3n a Tigre y el DeltaAl llegar a la Ciudad de Tigre, se realizar\u00e1 un paseo en catamar\u00e1n de aproximadamente una hora, navegando por los r\u00edos internos del Delta y descubriendo la vida cotidiana en las islas. Para finalizar, habr\u00e1 tiempo libre para recorrer y disfrutar el Puerto [&hellip;]\" \/>\n<meta property=\"og:url\" content=\"https:\/\/turiscars.com.ar\/pt\/paseo-por-el-tigre\/\" \/>\n<meta property=\"og:site_name\" content=\"Turis Cars\" \/>\n<meta property=\"article:modified_time\" content=\"2025-03-25T17:32:46+00:00\" \/>\n<meta name=\"twitter:card\" content=\"summary_large_image\" \/>\n<meta name=\"twitter:label1\" content=\"Est. tempo de leitura\" \/>\n\t<meta name=\"twitter:data1\" content=\"1 minuto\" \/>\n<script type=\"application\/ld+json\" class=\"yoast-schema-graph\">{\"@context\":\"https:\/\/schema.org\",\"@graph\":[{\"@type\":\"WebPage\",\"@id\":\"https:\/\/turiscars.com.ar\/paseo-por-el-tigre\/\",\"url\":\"https:\/\/turiscars.com.ar\/paseo-por-el-tigre\/\",\"name\":\"Tigre - Turis Cars\",\"isPartOf\":{\"@id\":\"https:\/\/turiscars.com.ar\/pt\/#website\"},\"datePublished\":\"2025-02-16T14:40:42+00:00\",\"dateModified\":\"2025-03-25T17:32:46+00:00\",\"breadcrumb\":{\"@id\":\"https:\/\/turiscars.com.ar\/paseo-por-el-tigre\/#breadcrumb\"},\"inLanguage\":\"pt-BR\",\"potentialAction\":[{\"@type\":\"ReadAction\",\"target\":[\"https:\/\/turiscars.com.ar\/paseo-por-el-tigre\/\"]}]},{\"@type\":\"BreadcrumbList\",\"@id\":\"https:\/\/turiscars.com.ar\/paseo-por-el-tigre\/#breadcrumb\",\"itemListElement\":[{\"@type\":\"ListItem\",\"position\":1,\"name\":\"Portada\",\"item\":\"https:\/\/turiscars.com.ar\/\"},{\"@type\":\"ListItem\",\"position\":2,\"name\":\"Tigre\"}]},{\"@type\":\"WebSite\",\"@id\":\"https:\/\/turiscars.com.ar\/pt\/#website\",\"url\":\"https:\/\/turiscars.com.ar\/pt\/\",\"name\":\"Turis Cars\",\"description\":\"Tours por Bueno Aires\",\"publisher\":{\"@id\":\"https:\/\/turiscars.com.ar\/pt\/#organization\"},\"potentialAction\":[{\"@type\":\"SearchAction\",\"target\":{\"@type\":\"EntryPoint\",\"urlTemplate\":\"https:\/\/turiscars.com.ar\/pt\/?s={search_term_string}\"},\"query-input\":{\"@type\":\"PropertyValueSpecification\",\"valueRequired\":true,\"valueName\":\"search_term_string\"}}],\"inLanguage\":\"pt-BR\"},{\"@type\":\"Organization\",\"@id\":\"https:\/\/turiscars.com.ar\/pt\/#organization\",\"name\":\"Turis Cars\",\"url\":\"https:\/\/turiscars.com.ar\/pt\/\",\"logo\":{\"@type\":\"ImageObject\",\"inLanguage\":\"pt-BR\",\"@id\":\"https:\/\/turiscars.com.ar\/pt\/#\/schema\/logo\/image\/\",\"url\":\"https:\/\/turiscars.com.ar\/wp-content\/uploads\/2025\/01\/cropped-Diseno-sin-titulo-12.png\",\"contentUrl\":\"https:\/\/turiscars.com.ar\/wp-content\/uploads\/2025\/01\/cropped-Diseno-sin-titulo-12.png\",\"width\":512,\"height\":512,\"caption\":\"Turis Cars\"},\"image\":{\"@id\":\"https:\/\/turiscars.com.ar\/pt\/#\/schema\/logo\/image\/\"}}]}<\/script>\n<!-- \/ Yoast SEO plugin. -->","yoast_head_json":{"title":"Tigre - Turis Cars","robots":{"index":"index","follow":"follow","max-snippet":"max-snippet:-1","max-image-preview":"max-image-preview:large","max-video-preview":"max-video-preview:-1"},"canonical":"https:\/\/turiscars.com.ar\/pt\/paseo-por-el-tigre\/","og_locale":"pt_BR","og_type":"article","og_title":"Tigre - Turis Cars","og_description":"P Paseo por El TigrePaseo por El TigreExcursi\u00f3n a Tigre y el DeltaAl llegar a la Ciudad de Tigre, se realizar\u00e1 un paseo en catamar\u00e1n de aproximadamente una hora, navegando por los r\u00edos internos del Delta y descubriendo la vida cotidiana en las islas. Para finalizar, habr\u00e1 tiempo libre para recorrer y disfrutar el Puerto [&hellip;]","og_url":"https:\/\/turiscars.com.ar\/pt\/paseo-por-el-tigre\/","og_site_name":"Turis Cars","article_modified_time":"2025-03-25T17:32:46+00:00","twitter_card":"summary_large_image","twitter_misc":{"Est. tempo de leitura":"1 minuto"},"schema":{"@context":"https:\/\/schema.org","@graph":[{"@type":"WebPage","@id":"https:\/\/turiscars.com.ar\/paseo-por-el-tigre\/","url":"https:\/\/turiscars.com.ar\/paseo-por-el-tigre\/","name":"Tigre - Turis Cars","isPartOf":{"@id":"https:\/\/turiscars.com.ar\/pt\/#website"},"datePublished":"2025-02-16T14:40:42+00:00","dateModified":"2025-03-25T17:32:46+00:00","breadcrumb":{"@id":"https:\/\/turiscars.com.ar\/paseo-por-el-tigre\/#breadcrumb"},"inLanguage":"pt-BR","potentialAction":[{"@type":"ReadAction","target":["https:\/\/turiscars.com.ar\/paseo-por-el-tigre\/"]}]},{"@type":"BreadcrumbList","@id":"https:\/\/turiscars.com.ar\/paseo-por-el-tigre\/#breadcrumb","itemListElement":[{"@type":"ListItem","position":1,"name":"Portada","item":"https:\/\/turiscars.com.ar\/"},{"@type":"ListItem","position":2,"name":"Tigre"}]},{"@type":"WebSite","@id":"https:\/\/turiscars.com.ar\/pt\/#website","url":"https:\/\/turiscars.com.ar\/pt\/","name":"Turis Cars","description":"Tours por Bueno Aires","publisher":{"@id":"https:\/\/turiscars.com.ar\/pt\/#organization"},"potentialAction":[{"@type":"SearchAction","target":{"@type":"EntryPoint","urlTemplate":"https:\/\/turiscars.com.ar\/pt\/?s={search_term_string}"},"query-input":{"@type":"PropertyValueSpecification","valueRequired":true,"valueName":"search_term_string"}}],"inLanguage":"pt-BR"},{"@type":"Organization","@id":"https:\/\/turiscars.com.ar\/pt\/#organization","name":"Turis Cars","url":"https:\/\/turiscars.com.ar\/pt\/","logo":{"@type":"ImageObject","inLanguage":"pt-BR","@id":"https:\/\/turiscars.com.ar\/pt\/#\/schema\/logo\/image\/","url":"https:\/\/turiscars.com.ar\/wp-content\/uploads\/2025\/01\/cropped-Diseno-sin-titulo-12.png","contentUrl":"https:\/\/turiscars.com.ar\/wp-content\/uploads\/2025\/01\/cropped-Diseno-sin-titulo-12.png","width":512,"height":512,"caption":"Turis Cars"},"image":{"@id":"https:\/\/turiscars.com.ar\/pt\/#\/schema\/logo\/image\/"}}]}},"_links":{"self":[{"href":"https:\/\/turiscars.com.ar\/pt\/wp-json\/wp\/v2\/pages\/118","targetHints":{"allow":["GET"]}}],"collection":[{"href":"https:\/\/turiscars.com.ar\/pt\/wp-json\/wp\/v2\/pages"}],"about":[{"href":"https:\/\/turiscars.com.ar\/pt\/wp-json\/wp\/v2\/types\/page"}],"author":[{"embeddable":true,"href":"https:\/\/turiscars.com.ar\/pt\/wp-json\/wp\/v2\/users\/3"}],"replies":[{"embeddable":true,"href":"https:\/\/turiscars.com.ar\/pt\/wp-json\/wp\/v2\/comments?post=118"}],"version-history":[{"count":25,"href":"https:\/\/turiscars.com.ar\/pt\/wp-json\/wp\/v2\/pages\/118\/revisions"}],"predecessor-version":[{"id":265,"href":"https:\/\/turiscars.com.ar\/pt\/wp-json\/wp\/v2\/pages\/118\/revisions\/265"}],"wp:attachment":[{"href":"https:\/\/turiscars.com.ar\/pt\/wp-json\/wp\/v2\/media?parent=118"}],"curies":[{"name":"wp","href":"https:\/\/api.w.org\/{rel}","templated":true}]}}