{"id":151,"date":"2025-02-16T14:59:29","date_gmt":"2025-02-16T14:59:29","guid":{"rendered":"https:\/\/turiscars.com.ar\/?page_id=151"},"modified":"2025-03-25T18:22:30","modified_gmt":"2025-03-25T18:22:30","slug":"tour-de-compras","status":"publish","type":"page","link":"https:\/\/turiscars.com.ar\/pt\/tour-de-compras\/","title":{"rendered":"Passeio de compras"},"content":{"rendered":"<p>[et_pb_section fb_built=\u00bb1&#8243; _builder_version=\u00bb4.27.4&#8243; _module_preset=\u00bbdefault\u00bb background_image=\u00bbhttps:\/\/turiscars.com.ar\/wp-content\/uploads\/2025\/03\/Diseno-sin-titulo-67.png\u00bb custom_padding=\u00bb169px||220px|||\u00bb global_colors_info=\u00bb{}\u00bb disabled_on=\u00bbon|on|off\u00bb][et_pb_row _builder_version=\u00bb4.27.4&#8243; _module_preset=\u00bbdefault\u00bb custom_margin=\u00bb118px|auto||auto||\u00bb global_colors_info=\u00bb{}\u00bb][et_pb_column type=\u00bb4_4&#8243; _builder_version=\u00bb4.27.4&#8243; _module_preset=\u00bbdefault\u00bb global_colors_info=\u00bb{}\u00bb][et_pb_text _builder_version=\u00bb4.27.4&#8243; _module_preset=\u00bbdefault\u00bb header_font=\u00bb|700|||||||\u00bb header_text_align=\u00bbcenter\u00bb header_text_color=\u00bb#FFFFFF\u00bb header_font_size=\u00bb71px\u00bb background_enable_image=\u00bboff\u00bb global_colors_info=\u00bb{}\u00bb]<\/p>\n<h1>Passeio de compras<\/h1>\n<p>[\/et_pb_text][\/et_pb_column][\/et_pb_row][\/et_pb_section][et_pb_section fb_built=\u00bb1&#8243; _builder_version=\u00bb4.27.4&#8243; _module_preset=\u00bbdefault\u00bb background_image=\u00bbhttps:\/\/turiscars.com.ar\/wp-content\/uploads\/2025\/03\/WhatsApp-Image-2025-03-12-at-10.23.40-2.jpeg\u00bb custom_padding=\u00bb169px||220px|||\u00bb hover_enabled=\u00bb0&#8243; global_colors_info=\u00bb{}\u00bb disabled_on=\u00bboff|off|on\u00bb sticky_enabled=\u00bb0&#8243; title_text=\u00bbWhatsApp Image 2025-03-12 at 10.23.40 (2)\u00bb][et_pb_row _builder_version=\u00bb4.27.4&#8243; _module_preset=\u00bbdefault\u00bb custom_margin=\u00bb118px|auto||auto||\u00bb global_colors_info=\u00bb{}\u00bb][et_pb_column type=\u00bb4_4&#8243; _builder_version=\u00bb4.27.4&#8243; _module_preset=\u00bbdefault\u00bb global_colors_info=\u00bb{}\u00bb][et_pb_text _builder_version=\u00bb4.27.4&#8243; _module_preset=\u00bbdefault\u00bb header_font=\u00bb|700|||||||\u00bb header_text_align=\u00bbcenter\u00bb header_text_color=\u00bb#FFFFFF\u00bb header_font_size=\u00bb71px\u00bb background_enable_image=\u00bboff\u00bb global_colors_info=\u00bb{}\u00bb]<\/p>\n<h1>Passeio de compras<\/h1>\n<p>[\/et_pb_text][\/et_pb_column][\/et_pb_row][\/et_pb_section][et_pb_section fb_built=\u00bb1&#8243; admin_label=\u00bbAbout\u00bb _builder_version=\u00bb4.22.0&#8243; _module_preset=\u00bbdefault\u00bb custom_padding=\u00bb106px|||||\u00bb locked=\u00bboff\u00bb collapsed=\u00bbon\u00bb global_colors_info=\u00bb{}\u00bb][et_pb_row _builder_version=\u00bb4.22.0&#8243; _module_preset=\u00bbdefault\u00bb custom_margin=\u00bb-137px|auto||auto||\u00bb global_colors_info=\u00bb{}\u00bb][et_pb_column type=\u00bb4_4&#8243; _builder_version=\u00bb4.22.0&#8243; _module_preset=\u00bbdefault\u00bb global_colors_info=\u00bb{}\u00bb][et_pb_text _builder_version=\u00bb4.27.4&#8243; _module_preset=\u00bbbc998a50-533d-43f1-845e-20289949bc3e\u00bb custom_margin=\u00bb18px||10px||false|false\u00bb global_colors_info=\u00bb{}\u00bb]<\/p>\n<h2>Oferecemos uma experi\u00eancia de compra<\/h2>\n<p>[\/et_pb_text][et_pb_text _builder_version=\u00bb4.27.4&#8243; _module_preset=\u00bba0df4a24-8edf-41e1-a375-3c1e37726d05&#8243; global_colors_info=\u00bb{}\u00bb]<\/p>\n<ul>\n<li>Seguro<\/li>\n<li>R\u00e1pido<\/li>\n<li>Ao melhor pre\u00e7o<\/li>\n<\/ul>\n<h3>O que o servi\u00e7o inclui?<\/h3>\n<p>Traslado privativo (n\u00e3o compartilhado) em ve\u00edculos espa\u00e7osos e confort\u00e1veis.<br \/>Servi\u00e7o gratuito.<br \/>Percurso com 3\/4 paragens junto ao Obelisco:<br \/>F\u00e1brica de couro (jaquetas).<br \/>F\u00e1brica de cal\u00e7ados.<br \/>F\u00e1brica de bolsas.<br \/>F\u00e1brica de caxemira.<br \/>Showroom outlet em Orlando (multimarcas).<br \/>Loja oficial da Lacoste e La Martina.<br \/>Partidas pela manh\u00e3 e t\u00e9rmino ao meio-dia.<br \/>Servi\u00e7o exclusivo para h\u00f3spedes, sem compromisso de compra.<\/p>\n<h4 data-start=\"1191\" data-end=\"1235\"><strong data-start=\"1196\" data-end=\"1233\">Experi\u00eancia de compra sem estresse<\/strong><\/h4>\n<p data-start=\"1236\" data-end=\"1468\">Nuestros traslados le permiten recorrer los mejores puntos de compras de Buenos Aires sin preocuparse por el tr\u00e1fico, el estacionamiento o el transporte p\u00fablico. Disfrute de una jornada de compras sin estr\u00e9s y con total comodidad.<\/p>\n<p>[\/et_pb_text][\/et_pb_column][\/et_pb_row][\/et_pb_section]<\/p>","protected":false},"excerpt":{"rendered":"<p>Tour de ComprasTour de ComprasOfrecemos una experiencia de compra Segura R\u00e1pida Al mejor precio \u00bfQu\u00e9 incluye el servicio? Traslado privado (no compartido) en veh\u00edculos amplios y c\u00f3modos.Servicio gratuito.Recorrido con 3\/4 paradas pr\u00f3ximas al Obelisco:F\u00e1brica de cuero (chaquetas).F\u00e1brica de zapatos.F\u00e1brica de carteras (bolsas).F\u00e1brica de cashmere.Showroom outlet en Orlando (multimarcas).Tienda oficial de Lacoste y La Martina.Salidas por [&hellip;]<\/p>","protected":false},"author":3,"featured_media":0,"parent":0,"menu_order":0,"comment_status":"closed","ping_status":"closed","template":"","meta":{"_et_pb_use_builder":"on","_et_pb_old_content":"","_et_gb_content_width":"","_joinchat":[],"footnotes":""},"class_list":["post-151","page","type-page","status-publish","hentry"],"yoast_head":"<!-- This site is optimized with the Yoast SEO plugin v24.6 - https:\/\/yoast.com\/wordpress\/plugins\/seo\/ -->\n<title>Tour de Compras - Turis Cars<\/title>\n<meta name=\"robots\" content=\"index, follow, max-snippet:-1, max-image-preview:large, max-video-preview:-1\" \/>\n<link rel=\"canonical\" href=\"https:\/\/turiscars.com.ar\/pt\/tour-de-compras\/\" \/>\n<meta property=\"og:locale\" content=\"pt_BR\" \/>\n<meta property=\"og:type\" content=\"article\" \/>\n<meta property=\"og:title\" content=\"Tour de Compras - Turis Cars\" \/>\n<meta property=\"og:description\" content=\"Tour de ComprasTour de ComprasOfrecemos una experiencia de compra Segura R\u00e1pida Al mejor precio \u00bfQu\u00e9 incluye el servicio? Traslado privado (no compartido) en veh\u00edculos amplios y c\u00f3modos.Servicio gratuito.Recorrido con 3\/4 paradas pr\u00f3ximas al Obelisco:F\u00e1brica de cuero (chaquetas).F\u00e1brica de zapatos.F\u00e1brica de carteras (bolsas).F\u00e1brica de cashmere.Showroom outlet en Orlando (multimarcas).Tienda oficial de Lacoste y La Martina.Salidas por [&hellip;]\" \/>\n<meta property=\"og:url\" content=\"https:\/\/turiscars.com.ar\/pt\/tour-de-compras\/\" \/>\n<meta property=\"og:site_name\" content=\"Turis Cars\" \/>\n<meta property=\"article:modified_time\" content=\"2025-03-25T18:22:30+00:00\" \/>\n<meta name=\"twitter:card\" content=\"summary_large_image\" \/>\n<meta name=\"twitter:label1\" content=\"Est. tempo de leitura\" \/>\n\t<meta name=\"twitter:data1\" content=\"1 minuto\" \/>\n<script type=\"application\/ld+json\" class=\"yoast-schema-graph\">{\"@context\":\"https:\/\/schema.org\",\"@graph\":[{\"@type\":\"WebPage\",\"@id\":\"https:\/\/turiscars.com.ar\/tour-de-compras\/\",\"url\":\"https:\/\/turiscars.com.ar\/tour-de-compras\/\",\"name\":\"Tour de Compras - Turis Cars\",\"isPartOf\":{\"@id\":\"https:\/\/turiscars.com.ar\/pt\/#website\"},\"datePublished\":\"2025-02-16T14:59:29+00:00\",\"dateModified\":\"2025-03-25T18:22:30+00:00\",\"breadcrumb\":{\"@id\":\"https:\/\/turiscars.com.ar\/tour-de-compras\/#breadcrumb\"},\"inLanguage\":\"pt-BR\",\"potentialAction\":[{\"@type\":\"ReadAction\",\"target\":[\"https:\/\/turiscars.com.ar\/tour-de-compras\/\"]}]},{\"@type\":\"BreadcrumbList\",\"@id\":\"https:\/\/turiscars.com.ar\/tour-de-compras\/#breadcrumb\",\"itemListElement\":[{\"@type\":\"ListItem\",\"position\":1,\"name\":\"Portada\",\"item\":\"https:\/\/turiscars.com.ar\/\"},{\"@type\":\"ListItem\",\"position\":2,\"name\":\"Tour de Compras\"}]},{\"@type\":\"WebSite\",\"@id\":\"https:\/\/turiscars.com.ar\/pt\/#website\",\"url\":\"https:\/\/turiscars.com.ar\/pt\/\",\"name\":\"Turis Cars\",\"description\":\"Tours por Bueno Aires\",\"publisher\":{\"@id\":\"https:\/\/turiscars.com.ar\/pt\/#organization\"},\"potentialAction\":[{\"@type\":\"SearchAction\",\"target\":{\"@type\":\"EntryPoint\",\"urlTemplate\":\"https:\/\/turiscars.com.ar\/pt\/?s={search_term_string}\"},\"query-input\":{\"@type\":\"PropertyValueSpecification\",\"valueRequired\":true,\"valueName\":\"search_term_string\"}}],\"inLanguage\":\"pt-BR\"},{\"@type\":\"Organization\",\"@id\":\"https:\/\/turiscars.com.ar\/pt\/#organization\",\"name\":\"Turis Cars\",\"url\":\"https:\/\/turiscars.com.ar\/pt\/\",\"logo\":{\"@type\":\"ImageObject\",\"inLanguage\":\"pt-BR\",\"@id\":\"https:\/\/turiscars.com.ar\/pt\/#\/schema\/logo\/image\/\",\"url\":\"https:\/\/turiscars.com.ar\/wp-content\/uploads\/2025\/01\/cropped-Diseno-sin-titulo-12.png\",\"contentUrl\":\"https:\/\/turiscars.com.ar\/wp-content\/uploads\/2025\/01\/cropped-Diseno-sin-titulo-12.png\",\"width\":512,\"height\":512,\"caption\":\"Turis Cars\"},\"image\":{\"@id\":\"https:\/\/turiscars.com.ar\/pt\/#\/schema\/logo\/image\/\"}}]}<\/script>\n<!-- \/ Yoast SEO plugin. -->","yoast_head_json":{"title":"Tour de Compras - Turis Cars","robots":{"index":"index","follow":"follow","max-snippet":"max-snippet:-1","max-image-preview":"max-image-preview:large","max-video-preview":"max-video-preview:-1"},"canonical":"https:\/\/turiscars.com.ar\/pt\/tour-de-compras\/","og_locale":"pt_BR","og_type":"article","og_title":"Tour de Compras - Turis Cars","og_description":"Tour de ComprasTour de ComprasOfrecemos una experiencia de compra Segura R\u00e1pida Al mejor precio \u00bfQu\u00e9 incluye el servicio? Traslado privado (no compartido) en veh\u00edculos amplios y c\u00f3modos.Servicio gratuito.Recorrido con 3\/4 paradas pr\u00f3ximas al Obelisco:F\u00e1brica de cuero (chaquetas).F\u00e1brica de zapatos.F\u00e1brica de carteras (bolsas).F\u00e1brica de cashmere.Showroom outlet en Orlando (multimarcas).Tienda oficial de Lacoste y La Martina.Salidas por [&hellip;]","og_url":"https:\/\/turiscars.com.ar\/pt\/tour-de-compras\/","og_site_name":"Turis Cars","article_modified_time":"2025-03-25T18:22:30+00:00","twitter_card":"summary_large_image","twitter_misc":{"Est. tempo de leitura":"1 minuto"},"schema":{"@context":"https:\/\/schema.org","@graph":[{"@type":"WebPage","@id":"https:\/\/turiscars.com.ar\/tour-de-compras\/","url":"https:\/\/turiscars.com.ar\/tour-de-compras\/","name":"Tour de Compras - Turis Cars","isPartOf":{"@id":"https:\/\/turiscars.com.ar\/pt\/#website"},"datePublished":"2025-02-16T14:59:29+00:00","dateModified":"2025-03-25T18:22:30+00:00","breadcrumb":{"@id":"https:\/\/turiscars.com.ar\/tour-de-compras\/#breadcrumb"},"inLanguage":"pt-BR","potentialAction":[{"@type":"ReadAction","target":["https:\/\/turiscars.com.ar\/tour-de-compras\/"]}]},{"@type":"BreadcrumbList","@id":"https:\/\/turiscars.com.ar\/tour-de-compras\/#breadcrumb","itemListElement":[{"@type":"ListItem","position":1,"name":"Portada","item":"https:\/\/turiscars.com.ar\/"},{"@type":"ListItem","position":2,"name":"Tour de Compras"}]},{"@type":"WebSite","@id":"https:\/\/turiscars.com.ar\/pt\/#website","url":"https:\/\/turiscars.com.ar\/pt\/","name":"Turis Cars","description":"Tours por Bueno Aires","publisher":{"@id":"https:\/\/turiscars.com.ar\/pt\/#organization"},"potentialAction":[{"@type":"SearchAction","target":{"@type":"EntryPoint","urlTemplate":"https:\/\/turiscars.com.ar\/pt\/?s={search_term_string}"},"query-input":{"@type":"PropertyValueSpecification","valueRequired":true,"valueName":"search_term_string"}}],"inLanguage":"pt-BR"},{"@type":"Organization","@id":"https:\/\/turiscars.com.ar\/pt\/#organization","name":"Turis Cars","url":"https:\/\/turiscars.com.ar\/pt\/","logo":{"@type":"ImageObject","inLanguage":"pt-BR","@id":"https:\/\/turiscars.com.ar\/pt\/#\/schema\/logo\/image\/","url":"https:\/\/turiscars.com.ar\/wp-content\/uploads\/2025\/01\/cropped-Diseno-sin-titulo-12.png","contentUrl":"https:\/\/turiscars.com.ar\/wp-content\/uploads\/2025\/01\/cropped-Diseno-sin-titulo-12.png","width":512,"height":512,"caption":"Turis Cars"},"image":{"@id":"https:\/\/turiscars.com.ar\/pt\/#\/schema\/logo\/image\/"}}]}},"_links":{"self":[{"href":"https:\/\/turiscars.com.ar\/pt\/wp-json\/wp\/v2\/pages\/151","targetHints":{"allow":["GET"]}}],"collection":[{"href":"https:\/\/turiscars.com.ar\/pt\/wp-json\/wp\/v2\/pages"}],"about":[{"href":"https:\/\/turiscars.com.ar\/pt\/wp-json\/wp\/v2\/types\/page"}],"author":[{"embeddable":true,"href":"https:\/\/turiscars.com.ar\/pt\/wp-json\/wp\/v2\/users\/3"}],"replies":[{"embeddable":true,"href":"https:\/\/turiscars.com.ar\/pt\/wp-json\/wp\/v2\/comments?post=151"}],"version-history":[{"count":16,"href":"https:\/\/turiscars.com.ar\/pt\/wp-json\/wp\/v2\/pages\/151\/revisions"}],"predecessor-version":[{"id":266,"href":"https:\/\/turiscars.com.ar\/pt\/wp-json\/wp\/v2\/pages\/151\/revisions\/266"}],"wp:attachment":[{"href":"https:\/\/turiscars.com.ar\/pt\/wp-json\/wp\/v2\/media?parent=151"}],"curies":[{"name":"wp","href":"https:\/\/api.w.org\/{rel}","templated":true}]}}